{"id":5918,"date":"2025-10-20T08:56:01","date_gmt":"2025-10-20T08:56:01","guid":{"rendered":"https:\/\/klaasmerk.ee\/pood\/?post_type=product&#038;p=5918"},"modified":"2026-03-12T07:21:18","modified_gmt":"2026-03-12T07:21:18","slug":"musterklaas","status":"publish","type":"product","link":"https:\/\/klaasmerk.ee\/pood\/toode\/musterklaas\/","title":{"rendered":"Musterklaas \/ Dekoratiivklaas"},"content":{"rendered":"<div class=\"km-muster-intro\">\n<h2>Musterklaasid \u2013 privaatsus ja stiil \u00fches<\/h2>\n<p>Musterklaasid \u00fchendavad privaatsuse ja stiili, lisades ruumile nutikat visuaalset s\u00fcgavust. Erinevad mustrid ja l\u00e4bipaistvuse tasemed teevad neist suurep\u00e4rase valiku akendele, ustele, du\u0161iseintele, vaheseintele ja m\u00f6\u00f6blilahendustele.<\/p>\n<p>Musterklaasid on saadaval peamiselt <strong>4 mm paksusena<\/strong> ning l\u00f5ikame need t\u00e4pselt sinu sisestatud m\u00f5\u00f5tude j\u00e4rgi.<\/p>\n<\/div>\n","protected":false},"excerpt":{"rendered":"<p>Vali alt meelep\u00e4rane muster, sisesta m\u00f5\u00f5dud ja telli \u2013 tarneaeg on keskmiselt 5-10 t\u00f6\u00f6p\u00e4eva.<\/p>\n","protected":false},"featured_media":5948,"template":"","meta":[],"product_brand":[],"product_cat":[213],"product_tag":[216],"class_list":{"0":"post-5918","1":"product","2":"type-product","3":"status-publish","4":"has-post-thumbnail","6":"product_cat-klaasid","7":"product_tag-dekoratiivklaas-m2","9":"first","10":"instock","11":"taxable","12":"shipping-taxable","13":"purchasable","14":"product-type-variable"},"aioseo_notices":[],"_links":{"self":[{"href":"https:\/\/klaasmerk.ee\/pood\/wp-json\/wp\/v2\/product\/5918","targetHints":{"allow":["GET"]}}],"collection":[{"href":"https:\/\/klaasmerk.ee\/pood\/wp-json\/wp\/v2\/product"}],"about":[{"href":"https:\/\/klaasmerk.ee\/pood\/wp-json\/wp\/v2\/types\/product"}],"wp:featuredmedia":[{"embeddable":true,"href":"https:\/\/klaasmerk.ee\/pood\/wp-json\/wp\/v2\/media\/5948"}],"wp:attachment":[{"href":"https:\/\/klaasmerk.ee\/pood\/wp-json\/wp\/v2\/media?parent=5918"}],"wp:term":[{"taxonomy":"product_brand","embeddable":true,"href":"https:\/\/klaasmerk.ee\/pood\/wp-json\/wp\/v2\/product_brand?post=5918"},{"taxonomy":"product_cat","embeddable":true,"href":"https:\/\/klaasmerk.ee\/pood\/wp-json\/wp\/v2\/product_cat?post=5918"},{"taxonomy":"product_tag","embeddable":true,"href":"https:\/\/klaasmerk.ee\/pood\/wp-json\/wp\/v2\/product_tag?post=5918"}],"curies":[{"name":"wp","href":"https:\/\/api.w.org\/{rel}","templated":true}]}}