{"id":5917,"date":"2025-10-20T08:55:36","date_gmt":"2025-10-20T08:55:36","guid":{"rendered":"https:\/\/klaasmerk.ee\/pood\/?post_type=product&#038;p=5917"},"modified":"2026-02-05T10:25:23","modified_gmt":"2026-02-05T10:25:23","slug":"kirgas-klaas","status":"publish","type":"product","link":"https:\/\/klaasmerk.ee\/pood\/toode\/kirgas-klaas\/","title":{"rendered":"Kirgas klaas"},"content":{"rendered":"","protected":false},"excerpt":{"rendered":"<p>Vali alt meelep\u00e4rane paksus, sisesta m\u00f5\u00f5dud ja telli \u2013 tarneaeg Tallinnas on keskmiselt 3-5 t\u00f6\u00f6p\u00e4eva. Rakveres ja Tartus on tarneajaks 5-10 t\u00f6\u00f6p\u00e4eva.<\/p>\n","protected":false},"featured_media":5923,"template":"","meta":[],"product_brand":[],"product_cat":[213],"product_tag":[212],"class_list":{"0":"post-5917","1":"product","2":"type-product","3":"status-publish","4":"has-post-thumbnail","6":"product_cat-klaasid","7":"product_tag-klaas-m2","9":"first","10":"instock","11":"taxable","12":"shipping-taxable","13":"purchasable","14":"product-type-variable","15":"has-default-attributes"},"aioseo_notices":[],"_links":{"self":[{"href":"https:\/\/klaasmerk.ee\/pood\/wp-json\/wp\/v2\/product\/5917","targetHints":{"allow":["GET"]}}],"collection":[{"href":"https:\/\/klaasmerk.ee\/pood\/wp-json\/wp\/v2\/product"}],"about":[{"href":"https:\/\/klaasmerk.ee\/pood\/wp-json\/wp\/v2\/types\/product"}],"wp:featuredmedia":[{"embeddable":true,"href":"https:\/\/klaasmerk.ee\/pood\/wp-json\/wp\/v2\/media\/5923"}],"wp:attachment":[{"href":"https:\/\/klaasmerk.ee\/pood\/wp-json\/wp\/v2\/media?parent=5917"}],"wp:term":[{"taxonomy":"product_brand","embeddable":true,"href":"https:\/\/klaasmerk.ee\/pood\/wp-json\/wp\/v2\/product_brand?post=5917"},{"taxonomy":"product_cat","embeddable":true,"href":"https:\/\/klaasmerk.ee\/pood\/wp-json\/wp\/v2\/product_cat?post=5917"},{"taxonomy":"product_tag","embeddable":true,"href":"https:\/\/klaasmerk.ee\/pood\/wp-json\/wp\/v2\/product_tag?post=5917"}],"curies":[{"name":"wp","href":"https:\/\/api.w.org\/{rel}","templated":true}]}}