{"id":4875,"date":"2022-06-02T09:04:56","date_gmt":"2022-06-02T09:04:56","guid":{"rendered":"https:\/\/klaasmerk.ee\/pood\/?post_type=product&#038;p=4875"},"modified":"2026-03-03T10:22:10","modified_gmt":"2026-03-03T10:22:10","slug":"print","status":"publish","type":"product","link":"https:\/\/klaasmerk.ee\/pood\/toode\/print\/","title":{"rendered":"Print"},"content":{"rendered":"<h3 data-start=\"1883\" data-end=\"1919\">Du\u0161isein kui sisekujunduselement<\/h3>\n<p data-start=\"1921\" data-end=\"2087\">Print-du\u0161isein ei ole lihtsalt klaas \u2013 see on ruumi keskpunkt. Klaasile tr\u00fckitud kujundus lisab vannitoale isikup\u00e4ra ning v\u00f5imaldab luua t\u00e4iesti ainulaadse lahenduse.<\/p>\n<ul>\n<li style=\"list-style-type: none;\">\n<ul>\n<li>4mm+4mm karastatud ja lamineeritud klaas (turvaklaas)<\/li>\n<li>Must matt U-profiilid \u00fcmberringi on m\u00f5\u00f5tudega 12x12mm<\/li>\n<li>Must teleskooptoru on kandiline ja pikkusega 800-1200mm<\/li>\n<li>NB! Komplekt ei sisalda paigaldmaiseks vajalikke kruvisid &#8211; t\u00fc\u00fcbleid ning silikooni.<\/li>\n<li>Paigaldusjuhend lae alla siit: <a href=\"https:\/\/klaasmerk.ee\/pood\/wp-content\/uploads\/2022\/01\/Dusiseina-paigaldusjuhend-KLAASMERK.pdf\" target=\"_blank\" rel=\"noopener\">Du\u0161iseina paigaldusjuhend<\/a><\/li>\n<li><em><strong>Tr\u00fckk (pilt) on t\u00e4ielikult kaitstud kodukeemia ja f\u00fc\u00fcsiliste vigastuste eest, kuna asetseb kahe klaasi vahel!<\/strong><\/em><\/li>\n<li>Endale sobiva pildi leiad <a href=\"https:\/\/klaasmerk.ee\/et\/tooted\/fotoklaas-printklaas\/mustrid\/\" target=\"_blank\" rel=\"noopener\">meie pildipangast<\/a>, <em>shutterstock.com-<\/em>ist, v\u00f5i enda pildistatud piltide seast!<\/li>\n<li><strong><em>Antud toode valmistatakse eritellimusena ja seega sellele ei kehti tagastus\u00f5igus!<\/em><\/strong><\/li>\n<\/ul>\n<\/li>\n<\/ul>\n<p>&nbsp;<\/p>\n<p>&nbsp;<\/p>\n","protected":false},"excerpt":{"rendered":"<p>Disainiga du\u0161isein, mis muudab vannitoa pilgup\u00fc\u00fcdjaks.<br \/>\nVali valmis kujundus v\u00f5i telli t\u00e4iesti personaalne tr\u00fckiga klaas.<\/p>\n<p>Valmistamisaeg 15-20 t\u00f6\u00f6p\u00e4eva<br \/>\nEi leidnud sobivas m\u00f5\u00f5dus du\u0161iseina? <a href=\"https:\/\/klaasmerk.ee\/et\/hinnaparing\/hinnaparingu-kontakt\/\">Kirjuta meile!<\/a><\/p>\n","protected":false},"featured_media":4877,"template":"","meta":[],"product_brand":[],"product_cat":[56],"product_tag":[],"class_list":{"0":"post-4875","1":"product","2":"type-product","3":"status-publish","4":"has-post-thumbnail","6":"product_cat-dusiseinad","8":"first","9":"instock","10":"taxable","11":"shipping-taxable","12":"purchasable","13":"product-type-variable","14":"has-default-attributes"},"aioseo_notices":[],"_links":{"self":[{"href":"https:\/\/klaasmerk.ee\/pood\/wp-json\/wp\/v2\/product\/4875","targetHints":{"allow":["GET"]}}],"collection":[{"href":"https:\/\/klaasmerk.ee\/pood\/wp-json\/wp\/v2\/product"}],"about":[{"href":"https:\/\/klaasmerk.ee\/pood\/wp-json\/wp\/v2\/types\/product"}],"wp:featuredmedia":[{"embeddable":true,"href":"https:\/\/klaasmerk.ee\/pood\/wp-json\/wp\/v2\/media\/4877"}],"wp:attachment":[{"href":"https:\/\/klaasmerk.ee\/pood\/wp-json\/wp\/v2\/media?parent=4875"}],"wp:term":[{"taxonomy":"product_brand","embeddable":true,"href":"https:\/\/klaasmerk.ee\/pood\/wp-json\/wp\/v2\/product_brand?post=4875"},{"taxonomy":"product_cat","embeddable":true,"href":"https:\/\/klaasmerk.ee\/pood\/wp-json\/wp\/v2\/product_cat?post=4875"},{"taxonomy":"product_tag","embeddable":true,"href":"https:\/\/klaasmerk.ee\/pood\/wp-json\/wp\/v2\/product_tag?post=4875"}],"curies":[{"name":"wp","href":"https:\/\/api.w.org\/{rel}","templated":true}]}}