{"id":4870,"date":"2022-06-02T08:35:21","date_gmt":"2022-06-02T08:35:21","guid":{"rendered":"https:\/\/klaasmerk.ee\/pood\/?post_type=product&#038;p=4870"},"modified":"2026-03-03T10:19:01","modified_gmt":"2026-03-03T10:19:01","slug":"raam","status":"publish","type":"product","link":"https:\/\/klaasmerk.ee\/pood\/toode\/raam\/","title":{"rendered":"Raam"},"content":{"rendered":"<h3>Rohkem iseloomu ja tugevust<\/h3>\n<p>Raam-mudel eristub \u00fcmberringi kulgeva raamiga, mis annab du\u0161iseinale selgema joone ja tugevama konstruktsiooni. See sobib eriti h\u00e4sti industriaal- v\u00f5i modernse stiiliga vannitubadesse.<\/p>\n<h3>Miks valida raamiga lahendus?<\/h3>\n<p>Visuaalselt j\u00f5ulisem v\u00e4limus<br \/>\nSuurem konstruktsiooniline j\u00e4ikus<br \/>\nVastupidav furnituur<br \/>\nSobib ka intensiivsema kasutusega ruumidesse<br \/>\nRaamiga du\u0161isein on samm edasi tavalisest klaasseinast \u2013 detail, mis muudab kogu ruumi ilme.<\/p>\n","protected":false},"excerpt":{"rendered":"<p>Elegantne t\u00e4israamiga du\u0161isein, mis lisab vannitoale j\u00f5ulisust ja luksuslikku ilmet.<br \/>\nStabiilne konstruktsioon ja modernne disain.<\/p>\n<p>Valmistamisaeg 10-15 t\u00f6\u00f6p\u00e4eva<br \/>\nEi leidnud sobivas m\u00f5\u00f5dus du\u0161iseina? <a href=\"https:\/\/klaasmerk.ee\/et\/hinnaparing\/hinnaparingu-kontakt\/\">Kirjuta meile!<\/a><\/p>\n","protected":false},"featured_media":4858,"template":"","meta":[],"product_brand":[],"product_cat":[56],"product_tag":[],"class_list":{"0":"post-4870","1":"product","2":"type-product","3":"status-publish","4":"has-post-thumbnail","6":"product_cat-dusiseinad","8":"first","9":"instock","10":"taxable","11":"shipping-taxable","12":"purchasable","13":"product-type-variable","14":"has-default-attributes"},"aioseo_notices":[],"_links":{"self":[{"href":"https:\/\/klaasmerk.ee\/pood\/wp-json\/wp\/v2\/product\/4870","targetHints":{"allow":["GET"]}}],"collection":[{"href":"https:\/\/klaasmerk.ee\/pood\/wp-json\/wp\/v2\/product"}],"about":[{"href":"https:\/\/klaasmerk.ee\/pood\/wp-json\/wp\/v2\/types\/product"}],"wp:featuredmedia":[{"embeddable":true,"href":"https:\/\/klaasmerk.ee\/pood\/wp-json\/wp\/v2\/media\/4858"}],"wp:attachment":[{"href":"https:\/\/klaasmerk.ee\/pood\/wp-json\/wp\/v2\/media?parent=4870"}],"wp:term":[{"taxonomy":"product_brand","embeddable":true,"href":"https:\/\/klaasmerk.ee\/pood\/wp-json\/wp\/v2\/product_brand?post=4870"},{"taxonomy":"product_cat","embeddable":true,"href":"https:\/\/klaasmerk.ee\/pood\/wp-json\/wp\/v2\/product_cat?post=4870"},{"taxonomy":"product_tag","embeddable":true,"href":"https:\/\/klaasmerk.ee\/pood\/wp-json\/wp\/v2\/product_tag?post=4870"}],"curies":[{"name":"wp","href":"https:\/\/api.w.org\/{rel}","templated":true}]}}