{"id":660,"date":"2016-07-05T02:47:34","date_gmt":"2016-07-05T02:47:34","guid":{"rendered":"http:\/\/sw-themes.com\/porto_dummy\/?page_id=569"},"modified":"2022-01-07T10:12:14","modified_gmt":"2022-01-07T10:12:14","slug":"juhendid","status":"publish","type":"page","link":"https:\/\/klaasmerk.ee\/pood\/juhendid\/","title":{"rendered":"Juhendid"},"content":{"rendered":"<div class=\"wpb-content-wrapper\"><p>[vc_row][vc_column][vc_custom_heading text=&#8221;Juhendid&#8221; use_theme_fonts=&#8221;yes&#8221; el_class=&#8221;shorter&#8221;][vc_separator color=&#8221;custom&#8221; gap=&#8221;tall&#8221; gradient=&#8221;yes&#8221;][\/vc_column][\/vc_row][vc_row][vc_column]<div class=\"porto-faqs porto-faqs1ouc wpb_content_element \">\r\n\t<div class=\"page-faqs clearfix wpb_custom_7fe7ddf8f1a240d6488c8a8c41279112\" id=\"porto_faqs_7s3u\">\r\n\r\n\t\t\r\n\t\t\r\n\t\t<div class=\"faq-row faqs-container\">\r\n\t\t\t\r\n<div class=\"faq juhendid post-29 type-faq status-publish hentry faq_cat-juhendid\">\r\n\t<section class=\"toggle\">\r\n\t\t<label>Klaasi k\u00e4sitlemine<\/label>\r\n\t\t<div class=\"toggle-content\">\r\n\t\t<h3 class=\"entry-title\" style=\"display: none;\">Klaasi k\u00e4sitlemine<\/h3><span class=\"vcard\" style=\"display: none;\"><span class=\"fn\"><a href=\"https:\/\/klaasmerk.ee\/pood\/author\/admin\/\" title=\"zoneplus tehtud postitused\" rel=\"author\">zoneplus<\/a><\/span><\/span><span class=\"updated\" style=\"display:none\">2021-11-24T08:36:55+00:00<\/span>Kuna klaas on \u00f5rn ja purunemisaldis materjal, tuleb sellega tingimata ettevaatlikult ringi k\u00e4ia. Isegi l\u00fchiajaline p\u00e4ikesevalguse k\u00e4tte j\u00e4tmine lammutamise v\u00f5i paigaldamise ajal v\u00f5ib klaasile p\u00f5hjustada termo\u0161hoki, seega tuleb temperatuuri t\u00f5usmisel klaasi kaitsta.\r\n\r\nServad on klaasi k\u00f5ige n\u00f5rgem koht. Suurem\u00f5\u00f5duliset klaaside t\u00f5stmisel,teisaldamisel ja \u00fcmber kantimisel tuleb kasutada iminappasid. Kantimise aluseks tuleb kasutada pehmet materjali nagu n\u00e4iteks puit, kumm v\u00f5i muud vastav materjal. Klaasi \u00e4\u00e4red ei tohi puutuda kokku k\u00f5va materjaliga, nagu n\u00e4iteks metall, kivi v\u00f5i muu vastav .\t\t<\/div>\r\n\t<\/section>\r\n<\/div>\r\n\r\n<div class=\"faq juhendid post-28 type-faq status-publish hentry faq_cat-juhendid\">\r\n\t<section class=\"toggle\">\r\n\t\t<label>Klaasi ladustamine<\/label>\r\n\t\t<div class=\"toggle-content\">\r\n\t\t<h3 class=\"entry-title\" style=\"display: none;\">Klaasi ladustamine<\/h3><span class=\"vcard\" style=\"display: none;\"><span class=\"fn\"><a href=\"https:\/\/klaasmerk.ee\/pood\/author\/admin\/\" title=\"zoneplus tehtud postitused\" rel=\"author\">zoneplus<\/a><\/span><\/span><span class=\"updated\" style=\"display:none\">2021-11-24T08:36:52+00:00<\/span>Klaasi tuleb alati s\u00e4ilitada p\u00fcstasendis ning klaasi serv tuleb\u00a0asetada horisontaalalusele, mis peab olema kuiv ja pehme (puit, plastik, kumm, jne.). Alus ei tohi vahetult maapinnal olla, et niiskus l\u00e4bi ei p\u00e4\u00e4seks ega klaasi kahjustaks. Klaasi tuleb kaitsta p\u00e4ikesevalguse, vihma, tsemenditolmu, keevituss\u00e4demete eest ning pikemaajalisel s\u00e4ilitamisel tuleb klaasi hoida kuivas ja ventileeritavas ruumis, et ei tekiks klaasi tuhmistumist- ega \u201cklaasihallitustohtu\u201d. L\u00fchiajalisel ladustamisel tuleb klaasi s\u00e4ilitada eelmainitud viisil ning hoolitseda piisava ventilatsiooni eest. Transpordialustel asuvat klaasi tuleb kaitsta p\u00e4ikesevalguse eest, mis v\u00f5ib tekitada termo\u0161hoki, eriti tulekindlat ja lamineeritud klaasi tuleb ladustada sisetingimustes ja kaitsta niiskuse ning k\u00fclma eest.\t\t<\/div>\r\n\t<\/section>\r\n<\/div>\r\n\r\n<div class=\"faq juhendid post-27 type-faq status-publish hentry faq_cat-juhendid\">\r\n\t<section class=\"toggle\">\r\n\t\t<label>Klaasi kvaliteedi hindamine<\/label>\r\n\t\t<div class=\"toggle-content\">\r\n\t\t<h3 class=\"entry-title\" style=\"display: none;\">Klaasi kvaliteedi hindamine<\/h3><span class=\"vcard\" style=\"display: none;\"><span class=\"fn\"><a href=\"https:\/\/klaasmerk.ee\/pood\/author\/admin\/\" title=\"zoneplus tehtud postitused\" rel=\"author\">zoneplus<\/a><\/span><\/span><span class=\"updated\" style=\"display:none\">2021-11-24T08:37:15+00:00<\/span><ol>\r\n \t<li>K\u00f5verpeegelpilt tavaklaasi puhul: lihtne, pindamata float-klaas ei tohi p\u00f5hjustada k\u00f5verpeegeldumist vaatamisel 45\u00b0 nurga alt ja 4,5 m kauguselt.Peegelduse moondumatus peab karastatud- ja lamineeritud klaasi puhul vastama kinnitatud EN-standarditele. Klaaspakettide puhul v\u00f5ib peegelpilt olla erinev, sest klaas paindub \u00f5hur\u00f5hu ja temperatuuri toimel. See on t\u00e4iesti tavaline ja n\u00e4itab klaaspaketi \u00f5hukindlust. Sellise ilmingu \u00e4ra hoidmiseks peaks kasutama v\u00e4limise klaasina paksemat klaasi.<\/li>\r\n \t<li>Pinnaveana ei ole lubatud nn.selged n\u00e4htavad kriimustused. Kriimustused ja kahjustused klaasil mida on raske m\u00e4rgata kontrollimisel 2m kauguselt tavalises p\u00e4evavalguses ja vaadates klaasi 90 kraadise nurga all on lubatud<\/li>\r\n \t<li>Klaasi matistumine: aluselised vesilahused v\u00f5ivad purustada klaasipliidioksiid-v\u00f5rgu, kui aluseline lahus m\u00f5jutab klaasi pinda pikka aega. Sel juhul moodustub happesilikaat, mille tulemusel klaas kaotab oma l\u00e4ike ja selle l\u00e4bipaistvus v\u00e4heneb. Klaasi ehitus on lagunenud ja klaas n\u00e4eb v\u00e4lja nagu hallika kihiga pinnatud,selline matistumine pole lubatud. Pinnatud klaasi puhul v\u00f5ib esineda \u201cmatistumist\u201d teatud valgustustingimustes, mis on iseloomulik tootele ja sel juhul lubatud.<\/li>\r\n \t<li>Interferentsi-efekt: float-klaas on l\u00e4bipaistev, \u00fchtlase pinnaga, v\u00e4rvitu v\u00f5i v\u00e4rviline klaas, millel on samasuunalised \u00fchtlased pinnad. Klaaspakettide puhul v\u00f5ib eelmainitu ilmneda optilise interferentsina, mis meenutab vikerkaart, nn. Brewsteri triipudena \/ Newtoni r\u00f5ngastena \/ Jamini peegeldustena. Sellist optilist efekti ei peeta kvaliteediveaks.<\/li>\r\n \t<li>Anisotroopia-efekt: kuum-karastutud klaasi puhul esineb klaasi pind- ja siseosadel erinev pinge, mist\u00f5ttu klaasil tekib polariseeritud valgus nn. kahekordse valgus-murdumisega alasid. See v\u00f5ib esineda teatud loomulikes valgustustingimustes n\u00f5rgalt n\u00e4htavate laikudena, \u201cleopardi imitatsioonina\u201d. Sellist optilist efekti ei peeta kvaliteediveaks.<\/li>\r\n \t<li>Eriti hea U-n\u00e4itajaga (soojusisolatsiooniv\u00f5ime) klaaspakettidel v\u00f5ib teatud tingimustes tekkida paketi v\u00e4lispinnale kondensatsiooni t\u00f5ttu niiskus. Seda f\u00fc\u00fcsikalist n\u00e4htust ei peeta kvaliteediveaks.<\/li>\r\n \t<li>Klaasipinnad peavad olema puhtad, kui neid statsionaarselt \u00fcksteise k\u00fclge kinnitatakse. Pindadel v\u00f5ib esineda \u00fcksikuid ebaolulisi v\u00f5\u00f5rosakesi, aga mitte suuremaid laike ega mustusetriipe v\u00f5i kihistunud mustust. Mustuset\u00e4pid ja triibud on lubatud, kui neid kontrollimisel 2m kauguselt tavalises p\u00e4evavalguses ja vaadates 90kraadise nurga all pole n\u00e4htavad.<\/li>\r\n \t<li>K\u00e4esolevad juhised puudutavad ehitusklaasi, t\u00f6\u00f6deldud klaastooteid, nagu n\u00e4iteks karastatud ja lamineeritud klaas ning klaaspakettelemendid. Toodete kvaliteet vastab tarnimise ajal kehtivate standardite, RT-kaartide ja RYL n\u00f5uetele. Klaaspakettide osas kehtivad EN 1279-standardi ja sellega seotud erijuhise EO 332 n\u00f5uded.\r\nS\u00f5ltumatu kolmas isik m\u00e4\u00e4rab vaidluste puhul eriklaasi (mh. pinnatud klaas ja tulet\u00f5kkeklaas) kvaliteedi juhul, kui standard puudub.\r\nKlaasi kvaliteeti kontrollitakse, kui selges\u00f5naliselt pole teisiti mainitud, kahe (2) meetri kauguselt (risti klaasi suhtes) tavalises p\u00e4evavalguses. Tavaliseks p\u00e4evavalguseks loetakse p\u00e4ikeselist p\u00e4eva, aga p\u00e4ike ei tohi otse klaasi peale paista ega suurendada v\u00f5imalikke defekte.<\/li>\r\n<\/ol>\t\t<\/div>\r\n\t<\/section>\r\n<\/div>\r\n\r\n<div class=\"faq juhendid post-26 type-faq status-publish hentry faq_cat-juhendid\">\r\n\t<section class=\"toggle\">\r\n\t\t<label>Klaasi defektid peale klaasimist<\/label>\r\n\t\t<div class=\"toggle-content\">\r\n\t\t<h3 class=\"entry-title\" style=\"display: none;\">Klaasi defektid peale klaasimist<\/h3><span class=\"vcard\" style=\"display: none;\"><span class=\"fn\"><a href=\"https:\/\/klaasmerk.ee\/pood\/author\/admin\/\" title=\"zoneplus tehtud postitused\" rel=\"author\">zoneplus<\/a><\/span><\/span><span class=\"updated\" style=\"display:none\">2021-11-24T08:37:00+00:00<\/span>Klaasi tootja \/ klaasi t\u00f6\u00f6tleja ei vastuta klaasidefektide (tavaklaas, klaaspakett, lamineeritud klaas, karastatud klaas, jne.) eest, millised tekivad p\u00e4rast klaasi paigaldamist. N\u00e4iteid klaasidefektidest, mida klaasi tootja \/ klaasi t\u00f6\u00f6tleja ei saa m\u00f5jutada:\r\n<ul>\r\n \t<li>Ettevaatamatu k\u00e4itlemine ja ladustamine aknatehases<\/li>\r\n \t<li>Ettevaatamatu akna transportimine ehitusplatsile<\/li>\r\n \t<li>Ettevaatamatu v\u00f5i sobimatu k\u00e4itlus ehitusplatsil<\/li>\r\n \t<li>Akna deformeerumine paigaldamisel ja ehitise nihked<\/li>\r\n \t<li>Punktkoormus klaasi \u00e4\u00e4res<\/li>\r\n \t<li>L\u00f6\u00f6k v\u00f5i ettevaatamatu akna avamine vastu avamispiiret v\u00f5i lastelukku<\/li>\r\n \t<li>Defektid, mis tekivad salusiide paigaldamisel<\/li>\r\n \t<li>Naeltega p\u00f5hjustatud raamidefektid<\/li>\r\n \t<li>Klaasi ebatavaline \u00fclekuumenemine, mis on p\u00f5hjustatud salusiide v\u00f5i sobimatu klaasikonstruktsiooni kasutamisest \u00fchendatud akendel<\/li>\r\n \t<li>Teravad varjud, mis p\u00f5hjustavad klaasil suuri temperatuurimuutusi<\/li>\r\n \t<li>Liiga tihedad raamid aknakonstruktsioonil<\/li>\r\n \t<li>Lennukite helitugevuspiirangute rikkumine<\/li>\r\n \t<li>Raskeveokite, l\u00f5hkamist\u00f6\u00f6de, jne. p\u00f5hjustatud vibratsioon<\/li>\r\n \t<li>Kilede, Al-Fooliumi, teibi, liimitud kleebiste v\u00f5i sarnaste t\u00e4ies ulatuses v\u00f5i osaline kinnitamine klaaspaketile<\/li>\r\n \t<li>Transportimine v\u00f5i ladustamine horisontaalasendis. Klaasi tuleb alati transportida, ladustada ja teiseldada p\u00fcstiasendis<\/li>\r\n<\/ul>\r\nKui on v\u00f5imalik tuvastada, et kahjustus on saanud alguse tootmisveast, vastutab klaasi tootja v\u00f5i klaasi t\u00f6\u00f6tleja.\t\t<\/div>\r\n\t<\/section>\r\n<\/div>\r\n\r\n<div class=\"faq juhendid post-25 type-faq status-publish hentry faq_cat-juhendid\">\r\n\t<section class=\"toggle\">\r\n\t\t<label>U-arv<\/label>\r\n\t\t<div class=\"toggle-content\">\r\n\t\t<h3 class=\"entry-title\" style=\"display: none;\">U-arv<\/h3><span class=\"vcard\" style=\"display: none;\"><span class=\"fn\"><a href=\"https:\/\/klaasmerk.ee\/pood\/author\/admin\/\" title=\"zoneplus tehtud postitused\" rel=\"author\">zoneplus<\/a><\/span><\/span><span class=\"updated\" style=\"display:none\">2021-11-24T08:38:49+00:00<\/span>Klaaspakettide soojusl\u00e4bivuse tegur ehk U-arv on soojusisolatsioonide v\u00f5rdlustes kasutatav m\u00f5\u00f5t\u00fchik. Mis n\u00e4itab numbriliselt soojusl\u00e4bivuse suurust seestpoolt v\u00e4ljapoole.\r\n\r\n\u00dchesuguste omadustega klaasi- ja konstruktsiooni U-arvud erinevad v\u00e4listemperatuuri ning katusekalde muutudes. Seep\u00e4rast peab v\u00f5rdlused teostama samades tingimustes. EN 673-standardis U-arv m\u00e4\u00e4ratletakse tingimustes, kus klaasidevahelise ruumi temperatuur on +10 kraadi ja klaasipindade temperatuuride erinevus on 15 kraadi. Kui temperatuuride erinevus kasvab, muutub ka U-arv. Temperatuuride erinevuse kasvades, kahekordse selektiivklaasiga klaaspaketi puhul, U-arvu suhe kahaneb, v\u00f5rreldes kolmekordse klaaspaketi U-arvga.\r\n\r\nMida v\u00e4iksem on U-arv, seda v\u00e4iksemad on k\u00fcttekulud. Akna klaasiosa U-arvude v\u00e4hendamine ei t\u00e4henda ainult v\u00e4iksemaid k\u00fcttekulusid, vaid loob ka mugavama sisekliima.\r\n\r\nKui hoone sise\u00f5hk puutub kokku jahedate klaasipindadega, siis \u00f5hk jaheneb ja tema tihedus kasvab. Jahedad \u00f5humassid on raskemad kui soojad \u00f5humassid ja nad vajuvad allapoole. \u00d5humasside liikumised, mis on kiiremad kui 0,15m\/s, tekitavad ebameeldiva tuulet\u00f5mbe tunde. Seega madala U-arvuga on v\u00f5imalik v\u00e4hendada \u00f5humasside liikumist ja aknaklaaside l\u00e4heduses viibimine on mugavam.\r\nEt 22\u00b0C-se toasoojuse juures ei tunneks \u00f5humasside liikumist akna l\u00e4heduses, peaks akna sisemise klaasi temperatuur olema 14 kraadi.\r\n\r\nSisemise klaasi 14 kraadine pinna soojus saavutatakse \u00fchekordse klaasiga juhul kui:\r\n<ul>\r\n \t<li>v\u00e4listemperatuur on +10 kraadi<\/li>\r\n \t<li>tavalise kahekordse klaasiga v\u00e4listemperatuuril +2\u00b0C<\/li>\r\n \t<li>kolmekordse klaasiga v\u00e4listemperatuuri \u20135\u00b0C<\/li>\r\n \t<li>kahekordse selektiivklaasiga v\u00e4listemperatuuril \u201315\u00b0C<\/li>\r\n \t<li>kolmekordse selektiivklaasiga v\u00e4listemperatuuri juures \u201326\u00b0C.<\/li>\r\n<\/ul>\r\nSisemise klaasi pinnatemperatuurid olenevad seega sisemisest- ja v\u00e4limisest temperatuurist, mida m\u00f5jutab mingil m\u00e4\u00e4ral ka tuule kiirus.\r\n\r\n\u00dche kraadine muutus toatemperatuuris t\u00e4hendab elamu kogu aastase soojusenergia tarbimises 5%-list muutust.\t\t<\/div>\r\n\t<\/section>\r\n<\/div>\r\n\r\n<div class=\"faq juhendid post-24 type-faq status-publish hentry faq_cat-juhendid\">\r\n\t<section class=\"toggle\">\r\n\t\t<label>Akende kondensatsioon<\/label>\r\n\t\t<div class=\"toggle-content\">\r\n\t\t<h3 class=\"entry-title\" style=\"display: none;\">Akende kondensatsioon<\/h3><span class=\"vcard\" style=\"display: none;\"><span class=\"fn\"><a href=\"https:\/\/klaasmerk.ee\/pood\/author\/admin\/\" title=\"zoneplus tehtud postitused\" rel=\"author\">zoneplus<\/a><\/span><\/span><span class=\"updated\" style=\"display:none\">2021-11-23T16:53:34+00:00<\/span><strong>Klaaspaketi klaaside vahele tekib kondensatsioonvesi.\r\n<\/strong>\r\nKui klaaspaketi klaaside vahele tekib kondensatsinnovesi, siis on tegemist mitte-hermeetilise klaaspaketiga. Ka siis, kui selline n\u00e4he tekib vaid k\u00fclma ilmaga, on ikkagi tegemist mitte-hermeetilise klaaspaketiga.\r\n\r\n<strong>Aknaklaaside siseruumipoolne klaasipind kondenseerub.\r\n<\/strong>\r\nEluruumide kasutamisel tekib v\u00e4hem v\u00f5i rohkem niiskust. N\u00e4iteks: saunas, pesuruumides, riiete pesemisel, toidu valmistamisel k\u00f6\u00f6gis, ka gaasipliidist ja k\u00f6\u00f6gin\u00f5ude pesemisel, koristades, toalilledest, k\u00fc\u00fcnaldest, elanikest jne. Seega, mida soojem on ruum, seda r\u00f5skem on ruumides. Kondensatsioonvesi tekib k\u00f5ige rohkem nendele pindadele, mis on k\u00fclmemad ja siledamad. Tavaliselt on ruumide k\u00fclmemad pinnad just akna konstruktsioonid. Mida v\u00e4iksem on klaaside konstruktsiooni U-arv, seda madalam on ka sisemise klaasi pinna soojus. Seep\u00e4rast tekibki kondensatsioonvesi esimeste pisaratena siseklaasi pinnale.\r\n\r\nKuna kondenseerumis-n\u00e4htus j\u00e4rgib f\u00fc\u00fcsika reegleid, siis ei ole v\u00f5imalik niiskust t\u00e4ielikult \u00e4ra hoida teatud elukeskkonnas.\r\n\r\nAknaklaaside hea U-arvu ja teiste heade konstruktsiooni lahendustega, on v\u00f5imalik minimaliseerida kondenseerumist ja sellest tulenevaid kahjustusi akna alumistele osadele.\r\n\r\nHea soojusisolatsiooniga\u00a0<a href=\"https:\/\/klaasmerk.ee\/et\/tooted\/aknaduksed\/plastikaknad-corona-ct-70\/\">plastikaknad<\/a>\u00a0vali kindlasti Klaasmerkist.\t\t<\/div>\r\n\t<\/section>\r\n<\/div>\r\n\t\t<\/div>\r\n\r\n\t\t\r\n\t<\/div>\r\n\r\n\t\r\n\t<\/div>[\/vc_column][\/vc_row]<\/p>\n<\/div>","protected":false},"excerpt":{"rendered":"<p>[vc_row][vc_column][vc_custom_heading text=&#8221;Juhendid&#8221; use_theme_fonts=&#8221;yes&#8221; el_class=&#8221;shorter&#8221;][vc_separator color=&#8221;custom&#8221; gap=&#8221;tall&#8221; gradient=&#8221;yes&#8221;][\/vc_column][\/vc_row][vc_row][vc_column][\/vc_column][\/vc_row]<\/p>\n","protected":false},"author":1,"featured_media":0,"parent":0,"menu_order":0,"comment_status":"closed","ping_status":"closed","template":"","meta":{"footnotes":""},"class_list":["post-660","page","type-page","status-publish","hentry"],"aioseo_notices":[],"_links":{"self":[{"href":"https:\/\/klaasmerk.ee\/pood\/wp-json\/wp\/v2\/pages\/660","targetHints":{"allow":["GET"]}}],"collection":[{"href":"https:\/\/klaasmerk.ee\/pood\/wp-json\/wp\/v2\/pages"}],"about":[{"href":"https:\/\/klaasmerk.ee\/pood\/wp-json\/wp\/v2\/types\/page"}],"author":[{"embeddable":true,"href":"https:\/\/klaasmerk.ee\/pood\/wp-json\/wp\/v2\/users\/1"}],"replies":[{"embeddable":true,"href":"https:\/\/klaasmerk.ee\/pood\/wp-json\/wp\/v2\/comments?post=660"}],"version-history":[{"count":10,"href":"https:\/\/klaasmerk.ee\/pood\/wp-json\/wp\/v2\/pages\/660\/revisions"}],"predecessor-version":[{"id":4820,"href":"https:\/\/klaasmerk.ee\/pood\/wp-json\/wp\/v2\/pages\/660\/revisions\/4820"}],"wp:attachment":[{"href":"https:\/\/klaasmerk.ee\/pood\/wp-json\/wp\/v2\/media?parent=660"}],"curies":[{"name":"wp","href":"https:\/\/api.w.org\/{rel}","templated":true}]}}