{"id":5942,"date":"2025-10-30T08:30:30","date_gmt":"2025-10-30T08:30:30","guid":{"rendered":"https:\/\/klaasmerk.ee\/pood\/?page_id=5942"},"modified":"2025-12-04T08:17:15","modified_gmt":"2025-12-04T08:17:15","slug":"musterklaas-dekoratiivklaas","status":"publish","type":"page","link":"https:\/\/klaasmerk.ee\/pood\/musterklaas-dekoratiivklaas\/","title":{"rendered":"Musterklaas \/ Dekoratiivklaas"},"content":{"rendered":"<div class=\"km-muster-intro\">\n<h2>Musterklaasid \u2013 privaatsus ja stiil \u00fches<\/h2>\n<p>Musterklaasid \u00fchendavad privaatsuse ja stiili, lisades ruumile nutikat visuaalset s\u00fcgavust. Erinevad mustrid ja l\u00e4bipaistvuse tasemed teevad neist suurep\u00e4rase valiku akendele, ustele, du\u0161iseintele, vaheseintele ja m\u00f6\u00f6blilahendustele.<\/p>\n<p>Musterklaasid on saadaval peamiselt <strong>4 mm paksusena<\/strong> ning l\u00f5ikame need t\u00e4pselt sinu sisestatud m\u00f5\u00f5tude j\u00e4rgi.<br \/>\n<strong>Vali alt meelep\u00e4rane muster, sisesta m\u00f5\u00f5dud ja telli \u2013 tarneaeg on keskmiselt 5-10 t\u00f6\u00f6p\u00e4eva.<\/strong><\/p>\n<\/div>\n    <div class=\"km-muster-wrap\">\n\n                    <h2 class=\"km-muster-title\">Musterklaasid<\/h2>\n        \n        <div class=\"km-muster-gallery km-cols-3\">\n\n                            <div class=\"km-muster-card\">\n\n                    <a class=\"km-muster-thumb\" href=\"https:\/\/klaasmerk.ee\/pood\/toode\/musterklaas\/?attribute_pa_muster=chinchilla-kirgas\" title=\"CHINCHILLA kirgas 4mm\">\n                        <img decoding=\"async\" width=\"768\" height=\"583\" src=\"https:\/\/klaasmerk.ee\/pood\/wp-content\/uploads\/2025\/10\/Jaaklaas-768x583.png\" class=\"attachment-medium_large size-medium_large\" alt=\"CHINCHILLA kirgas 4mm\" loading=\"lazy\" srcset=\"https:\/\/klaasmerk.ee\/pood\/wp-content\/uploads\/2025\/10\/Jaaklaas-768x583.png 768w, https:\/\/klaasmerk.ee\/pood\/wp-content\/uploads\/2025\/10\/Jaaklaas-640x486.png 640w, https:\/\/klaasmerk.ee\/pood\/wp-content\/uploads\/2025\/10\/Jaaklaas-400x304.png 400w, https:\/\/klaasmerk.ee\/pood\/wp-content\/uploads\/2025\/10\/Jaaklaas-600x456.png 600w\" sizes=\"auto, (max-width: 768px) 100vw, 768px\" \/>                    <\/a>\n\n                    <div class=\"km-muster-body\">\n                        <div class=\"km-muster-cat\">MUSTERKLAAS<\/div>\n                        <div class=\"km-muster-name\">CHINCHILLA kirgas 4mm<\/div>\n\n                                                    <a href=\"https:\/\/klaasmerk.ee\/pood\/toode\/musterklaas\/?attribute_pa_muster=chinchilla-kirgas\" class=\"km-muster-btn\">\n                                Vali                            <\/a>\n                                            <\/div>\n\n                <\/div>\n                            <div class=\"km-muster-card\">\n\n                    <a class=\"km-muster-thumb\" href=\"https:\/\/klaasmerk.ee\/pood\/toode\/musterklaas\/?attribute_pa_muster=crepi6\" title=\"CREPI kirgas 6mm\">\n                        <img decoding=\"async\" width=\"768\" height=\"583\" src=\"https:\/\/klaasmerk.ee\/pood\/wp-content\/uploads\/2025\/10\/Jaaklaas-768x583.png\" class=\"attachment-medium_large size-medium_large\" alt=\"CREPI kirgas 6mm\" loading=\"lazy\" srcset=\"https:\/\/klaasmerk.ee\/pood\/wp-content\/uploads\/2025\/10\/Jaaklaas-768x583.png 768w, https:\/\/klaasmerk.ee\/pood\/wp-content\/uploads\/2025\/10\/Jaaklaas-640x486.png 640w, https:\/\/klaasmerk.ee\/pood\/wp-content\/uploads\/2025\/10\/Jaaklaas-400x304.png 400w, https:\/\/klaasmerk.ee\/pood\/wp-content\/uploads\/2025\/10\/Jaaklaas-600x456.png 600w\" sizes=\"auto, (max-width: 768px) 100vw, 768px\" \/>                    <\/a>\n\n                    <div class=\"km-muster-body\">\n                        <div class=\"km-muster-cat\">MUSTERKLAAS<\/div>\n                        <div class=\"km-muster-name\">CREPI kirgas 6mm<\/div>\n\n                                                    <a href=\"https:\/\/klaasmerk.ee\/pood\/toode\/musterklaas\/?attribute_pa_muster=crepi6\" class=\"km-muster-btn\">\n                                Vali                            <\/a>\n                                            <\/div>\n\n                <\/div>\n                            <div class=\"km-muster-card\">\n\n                    <a class=\"km-muster-thumb\" href=\"https:\/\/klaasmerk.ee\/pood\/toode\/musterklaas\/?attribute_pa_muster=diamante-kirgas\" title=\"DIAMANTE kirgas 4mm\">\n                        <img decoding=\"async\" width=\"768\" height=\"583\" src=\"https:\/\/klaasmerk.ee\/pood\/wp-content\/uploads\/2025\/10\/Jaaklaas-768x583.png\" class=\"attachment-medium_large size-medium_large\" alt=\"DIAMANTE kirgas 4mm\" loading=\"lazy\" srcset=\"https:\/\/klaasmerk.ee\/pood\/wp-content\/uploads\/2025\/10\/Jaaklaas-768x583.png 768w, https:\/\/klaasmerk.ee\/pood\/wp-content\/uploads\/2025\/10\/Jaaklaas-640x486.png 640w, https:\/\/klaasmerk.ee\/pood\/wp-content\/uploads\/2025\/10\/Jaaklaas-400x304.png 400w, https:\/\/klaasmerk.ee\/pood\/wp-content\/uploads\/2025\/10\/Jaaklaas-600x456.png 600w\" sizes=\"auto, (max-width: 768px) 100vw, 768px\" \/>                    <\/a>\n\n                    <div class=\"km-muster-body\">\n                        <div class=\"km-muster-cat\">MUSTERKLAAS<\/div>\n                        <div class=\"km-muster-name\">DIAMANTE kirgas 4mm<\/div>\n\n                                                    <a href=\"https:\/\/klaasmerk.ee\/pood\/toode\/musterklaas\/?attribute_pa_muster=diamante-kirgas\" class=\"km-muster-btn\">\n                                Vali                            <\/a>\n                                            <\/div>\n\n                <\/div>\n                            <div class=\"km-muster-card\">\n\n                    <a class=\"km-muster-thumb\" href=\"https:\/\/klaasmerk.ee\/pood\/toode\/musterklaas\/?attribute_pa_muster=flutes4\" title=\"FLUTES 4mm\">\n                        <img decoding=\"async\" width=\"768\" height=\"583\" src=\"https:\/\/klaasmerk.ee\/pood\/wp-content\/uploads\/2025\/10\/Jaaklaas-768x583.png\" class=\"attachment-medium_large size-medium_large\" alt=\"FLUTES 4mm\" loading=\"lazy\" srcset=\"https:\/\/klaasmerk.ee\/pood\/wp-content\/uploads\/2025\/10\/Jaaklaas-768x583.png 768w, https:\/\/klaasmerk.ee\/pood\/wp-content\/uploads\/2025\/10\/Jaaklaas-640x486.png 640w, https:\/\/klaasmerk.ee\/pood\/wp-content\/uploads\/2025\/10\/Jaaklaas-400x304.png 400w, https:\/\/klaasmerk.ee\/pood\/wp-content\/uploads\/2025\/10\/Jaaklaas-600x456.png 600w\" sizes=\"auto, (max-width: 768px) 100vw, 768px\" \/>                    <\/a>\n\n                    <div class=\"km-muster-body\">\n                        <div class=\"km-muster-cat\">MUSTERKLAAS<\/div>\n                        <div class=\"km-muster-name\">FLUTES 4mm<\/div>\n\n                                                    <a href=\"https:\/\/klaasmerk.ee\/pood\/toode\/musterklaas\/?attribute_pa_muster=flutes4\" class=\"km-muster-btn\">\n                                Vali                            <\/a>\n                                            <\/div>\n\n                <\/div>\n                            <div class=\"km-muster-card\">\n\n                    <a class=\"km-muster-thumb\" href=\"https:\/\/klaasmerk.ee\/pood\/toode\/musterklaas\/?attribute_pa_muster=flutes6\" title=\"Reeded (fluted) 6mm\">\n                        <img decoding=\"async\" width=\"768\" height=\"583\" src=\"https:\/\/klaasmerk.ee\/pood\/wp-content\/uploads\/2025\/10\/Jaaklaas-768x583.png\" class=\"attachment-medium_large size-medium_large\" alt=\"Reeded (fluted) 6mm\" loading=\"lazy\" srcset=\"https:\/\/klaasmerk.ee\/pood\/wp-content\/uploads\/2025\/10\/Jaaklaas-768x583.png 768w, https:\/\/klaasmerk.ee\/pood\/wp-content\/uploads\/2025\/10\/Jaaklaas-640x486.png 640w, https:\/\/klaasmerk.ee\/pood\/wp-content\/uploads\/2025\/10\/Jaaklaas-400x304.png 400w, https:\/\/klaasmerk.ee\/pood\/wp-content\/uploads\/2025\/10\/Jaaklaas-600x456.png 600w\" sizes=\"auto, (max-width: 768px) 100vw, 768px\" \/>                    <\/a>\n\n                    <div class=\"km-muster-body\">\n                        <div class=\"km-muster-cat\">MUSTERKLAAS<\/div>\n                        <div class=\"km-muster-name\">Reeded (fluted) 6mm<\/div>\n\n                                                    <a href=\"https:\/\/klaasmerk.ee\/pood\/toode\/musterklaas\/?attribute_pa_muster=flutes6\" class=\"km-muster-btn\">\n                                Vali                            <\/a>\n                                            <\/div>\n\n                <\/div>\n                            <div class=\"km-muster-card\">\n\n                    <a class=\"km-muster-thumb\" href=\"https:\/\/klaasmerk.ee\/pood\/toode\/musterklaas\/?attribute_pa_muster=jaaklaas4\" title=\"J\u00c4\u00c4KLAAS 4mm\">\n                        <img decoding=\"async\" width=\"768\" height=\"583\" src=\"https:\/\/klaasmerk.ee\/pood\/wp-content\/uploads\/2025\/10\/Jaaklaas-768x583.png\" class=\"attachment-medium_large size-medium_large\" alt=\"J\u00c4\u00c4KLAAS 4mm\" loading=\"lazy\" srcset=\"https:\/\/klaasmerk.ee\/pood\/wp-content\/uploads\/2025\/10\/Jaaklaas-768x583.png 768w, https:\/\/klaasmerk.ee\/pood\/wp-content\/uploads\/2025\/10\/Jaaklaas-640x486.png 640w, https:\/\/klaasmerk.ee\/pood\/wp-content\/uploads\/2025\/10\/Jaaklaas-400x304.png 400w, https:\/\/klaasmerk.ee\/pood\/wp-content\/uploads\/2025\/10\/Jaaklaas-600x456.png 600w\" sizes=\"auto, (max-width: 768px) 100vw, 768px\" \/>                    <\/a>\n\n                    <div class=\"km-muster-body\">\n                        <div class=\"km-muster-cat\">MUSTERKLAAS<\/div>\n                        <div class=\"km-muster-name\">J\u00c4\u00c4KLAAS 4mm<\/div>\n\n                                                    <a href=\"https:\/\/klaasmerk.ee\/pood\/toode\/musterklaas\/?attribute_pa_muster=jaaklaas4\" class=\"km-muster-btn\">\n                                Vali                            <\/a>\n                                            <\/div>\n\n                <\/div>\n                            <div class=\"km-muster-card\">\n\n                    <a class=\"km-muster-thumb\" href=\"https:\/\/klaasmerk.ee\/pood\/toode\/musterklaas\/?attribute_pa_muster=jaaklaas6\" title=\"J\u00c4\u00c4KLAAS 6mm\">\n                        <img decoding=\"async\" width=\"768\" height=\"583\" src=\"https:\/\/klaasmerk.ee\/pood\/wp-content\/uploads\/2025\/10\/Jaaklaas-768x583.png\" class=\"attachment-medium_large size-medium_large\" alt=\"J\u00c4\u00c4KLAAS 6mm\" loading=\"lazy\" srcset=\"https:\/\/klaasmerk.ee\/pood\/wp-content\/uploads\/2025\/10\/Jaaklaas-768x583.png 768w, https:\/\/klaasmerk.ee\/pood\/wp-content\/uploads\/2025\/10\/Jaaklaas-640x486.png 640w, https:\/\/klaasmerk.ee\/pood\/wp-content\/uploads\/2025\/10\/Jaaklaas-400x304.png 400w, https:\/\/klaasmerk.ee\/pood\/wp-content\/uploads\/2025\/10\/Jaaklaas-600x456.png 600w\" sizes=\"auto, (max-width: 768px) 100vw, 768px\" \/>                    <\/a>\n\n                    <div class=\"km-muster-body\">\n                        <div class=\"km-muster-cat\">MUSTERKLAAS<\/div>\n                        <div class=\"km-muster-name\">J\u00c4\u00c4KLAAS 6mm<\/div>\n\n                                                    <a href=\"https:\/\/klaasmerk.ee\/pood\/toode\/musterklaas\/?attribute_pa_muster=jaaklaas6\" class=\"km-muster-btn\">\n                                Vali                            <\/a>\n                                            <\/div>\n\n                <\/div>\n                            <div class=\"km-muster-card\">\n\n                    <a class=\"km-muster-thumb\" href=\"https:\/\/klaasmerk.ee\/pood\/toode\/musterklaas\/?attribute_pa_muster=kathedral-kirgas\" title=\"KATHEDRAL kirgas 4mm\">\n                        <img decoding=\"async\" width=\"768\" height=\"583\" src=\"https:\/\/klaasmerk.ee\/pood\/wp-content\/uploads\/2025\/10\/Jaaklaas-768x583.png\" class=\"attachment-medium_large size-medium_large\" alt=\"KATHEDRAL kirgas 4mm\" loading=\"lazy\" srcset=\"https:\/\/klaasmerk.ee\/pood\/wp-content\/uploads\/2025\/10\/Jaaklaas-768x583.png 768w, https:\/\/klaasmerk.ee\/pood\/wp-content\/uploads\/2025\/10\/Jaaklaas-640x486.png 640w, https:\/\/klaasmerk.ee\/pood\/wp-content\/uploads\/2025\/10\/Jaaklaas-400x304.png 400w, https:\/\/klaasmerk.ee\/pood\/wp-content\/uploads\/2025\/10\/Jaaklaas-600x456.png 600w\" sizes=\"auto, (max-width: 768px) 100vw, 768px\" \/>                    <\/a>\n\n                    <div class=\"km-muster-body\">\n                        <div class=\"km-muster-cat\">MUSTERKLAAS<\/div>\n                        <div class=\"km-muster-name\">KATHEDRAL kirgas 4mm<\/div>\n\n                                                    <a href=\"https:\/\/klaasmerk.ee\/pood\/toode\/musterklaas\/?attribute_pa_muster=kathedral-kirgas\" class=\"km-muster-btn\">\n                                Vali                            <\/a>\n                                            <\/div>\n\n                <\/div>\n                            <div class=\"km-muster-card\">\n\n                    <a class=\"km-muster-thumb\" href=\"https:\/\/klaasmerk.ee\/pood\/toode\/musterklaas\/?attribute_pa_muster=krizet-4mm\" title=\"KRIZET 4mm\">\n                        <img decoding=\"async\" width=\"768\" height=\"583\" src=\"https:\/\/klaasmerk.ee\/pood\/wp-content\/uploads\/2025\/10\/Jaaklaas-768x583.png\" class=\"attachment-medium_large size-medium_large\" alt=\"KRIZET 4mm\" loading=\"lazy\" srcset=\"https:\/\/klaasmerk.ee\/pood\/wp-content\/uploads\/2025\/10\/Jaaklaas-768x583.png 768w, https:\/\/klaasmerk.ee\/pood\/wp-content\/uploads\/2025\/10\/Jaaklaas-640x486.png 640w, https:\/\/klaasmerk.ee\/pood\/wp-content\/uploads\/2025\/10\/Jaaklaas-400x304.png 400w, https:\/\/klaasmerk.ee\/pood\/wp-content\/uploads\/2025\/10\/Jaaklaas-600x456.png 600w\" sizes=\"auto, (max-width: 768px) 100vw, 768px\" \/>                    <\/a>\n\n                    <div class=\"km-muster-body\">\n                        <div class=\"km-muster-cat\">MUSTERKLAAS<\/div>\n                        <div class=\"km-muster-name\">KRIZET 4mm<\/div>\n\n                                                    <a href=\"https:\/\/klaasmerk.ee\/pood\/toode\/musterklaas\/?attribute_pa_muster=krizet-4mm\" class=\"km-muster-btn\">\n                                Vali                            <\/a>\n                                            <\/div>\n\n                <\/div>\n                            <div class=\"km-muster-card\">\n\n                    <a class=\"km-muster-thumb\" href=\"https:\/\/klaasmerk.ee\/pood\/toode\/musterklaas\/?attribute_pa_muster=kura-kirgas\" title=\"KURA kirgas 4mm\">\n                        <img decoding=\"async\" width=\"768\" height=\"583\" src=\"https:\/\/klaasmerk.ee\/pood\/wp-content\/uploads\/2025\/10\/Jaaklaas-768x583.png\" class=\"attachment-medium_large size-medium_large\" alt=\"KURA kirgas 4mm\" loading=\"lazy\" srcset=\"https:\/\/klaasmerk.ee\/pood\/wp-content\/uploads\/2025\/10\/Jaaklaas-768x583.png 768w, https:\/\/klaasmerk.ee\/pood\/wp-content\/uploads\/2025\/10\/Jaaklaas-640x486.png 640w, https:\/\/klaasmerk.ee\/pood\/wp-content\/uploads\/2025\/10\/Jaaklaas-400x304.png 400w, https:\/\/klaasmerk.ee\/pood\/wp-content\/uploads\/2025\/10\/Jaaklaas-600x456.png 600w\" sizes=\"auto, (max-width: 768px) 100vw, 768px\" \/>                    <\/a>\n\n                    <div class=\"km-muster-body\">\n                        <div class=\"km-muster-cat\">MUSTERKLAAS<\/div>\n                        <div class=\"km-muster-name\">KURA kirgas 4mm<\/div>\n\n                                                    <a href=\"https:\/\/klaasmerk.ee\/pood\/toode\/musterklaas\/?attribute_pa_muster=kura-kirgas\" class=\"km-muster-btn\">\n                                Vali                            <\/a>\n                                            <\/div>\n\n                <\/div>\n                            <div class=\"km-muster-card\">\n\n                    <a class=\"km-muster-thumb\" href=\"https:\/\/klaasmerk.ee\/pood\/toode\/musterklaas\/?attribute_pa_muster=screen\" title=\"SCREEN 4mm\">\n                        <img decoding=\"async\" width=\"768\" height=\"583\" src=\"https:\/\/klaasmerk.ee\/pood\/wp-content\/uploads\/2025\/10\/Jaaklaas-768x583.png\" class=\"attachment-medium_large size-medium_large\" alt=\"SCREEN 4mm\" loading=\"lazy\" srcset=\"https:\/\/klaasmerk.ee\/pood\/wp-content\/uploads\/2025\/10\/Jaaklaas-768x583.png 768w, https:\/\/klaasmerk.ee\/pood\/wp-content\/uploads\/2025\/10\/Jaaklaas-640x486.png 640w, https:\/\/klaasmerk.ee\/pood\/wp-content\/uploads\/2025\/10\/Jaaklaas-400x304.png 400w, https:\/\/klaasmerk.ee\/pood\/wp-content\/uploads\/2025\/10\/Jaaklaas-600x456.png 600w\" sizes=\"auto, (max-width: 768px) 100vw, 768px\" \/>                    <\/a>\n\n                    <div class=\"km-muster-body\">\n                        <div class=\"km-muster-cat\">MUSTERKLAAS<\/div>\n                        <div class=\"km-muster-name\">SCREEN 4mm<\/div>\n\n                                                    <a href=\"https:\/\/klaasmerk.ee\/pood\/toode\/musterklaas\/?attribute_pa_muster=screen\" class=\"km-muster-btn\">\n                                Vali                            <\/a>\n                                            <\/div>\n\n                <\/div>\n                            <div class=\"km-muster-card\">\n\n                    <a class=\"km-muster-thumb\" href=\"https:\/\/klaasmerk.ee\/pood\/toode\/musterklaas\/?attribute_pa_muster=delta-kirgas-matt\" title=\"DELTA kirgas matt 4mm\">\n                        <img decoding=\"async\" width=\"768\" height=\"583\" src=\"https:\/\/klaasmerk.ee\/pood\/wp-content\/uploads\/2025\/10\/Jaaklaas-768x583.png\" class=\"attachment-medium_large size-medium_large\" alt=\"DELTA kirgas matt 4mm\" loading=\"lazy\" srcset=\"https:\/\/klaasmerk.ee\/pood\/wp-content\/uploads\/2025\/10\/Jaaklaas-768x583.png 768w, https:\/\/klaasmerk.ee\/pood\/wp-content\/uploads\/2025\/10\/Jaaklaas-640x486.png 640w, https:\/\/klaasmerk.ee\/pood\/wp-content\/uploads\/2025\/10\/Jaaklaas-400x304.png 400w, https:\/\/klaasmerk.ee\/pood\/wp-content\/uploads\/2025\/10\/Jaaklaas-600x456.png 600w\" sizes=\"auto, (max-width: 768px) 100vw, 768px\" \/>                    <\/a>\n\n                    <div class=\"km-muster-body\">\n                        <div class=\"km-muster-cat\">MUSTERKLAAS<\/div>\n                        <div class=\"km-muster-name\">DELTA kirgas matt 4mm<\/div>\n\n                                                    <a href=\"https:\/\/klaasmerk.ee\/pood\/toode\/musterklaas\/?attribute_pa_muster=delta-kirgas-matt\" class=\"km-muster-btn\">\n                                Vali                            <\/a>\n                                            <\/div>\n\n                <\/div>\n                            <div class=\"km-muster-card\">\n\n                    <a class=\"km-muster-thumb\" href=\"https:\/\/klaasmerk.ee\/pood\/toode\/musterklaas\/?attribute_pa_muster=delta-pronks\" title=\"DELTA pronks 4mm\">\n                        <img decoding=\"async\" width=\"768\" height=\"583\" src=\"https:\/\/klaasmerk.ee\/pood\/wp-content\/uploads\/2025\/10\/Jaaklaas-768x583.png\" class=\"attachment-medium_large size-medium_large\" alt=\"DELTA pronks 4mm\" loading=\"lazy\" srcset=\"https:\/\/klaasmerk.ee\/pood\/wp-content\/uploads\/2025\/10\/Jaaklaas-768x583.png 768w, https:\/\/klaasmerk.ee\/pood\/wp-content\/uploads\/2025\/10\/Jaaklaas-640x486.png 640w, https:\/\/klaasmerk.ee\/pood\/wp-content\/uploads\/2025\/10\/Jaaklaas-400x304.png 400w, https:\/\/klaasmerk.ee\/pood\/wp-content\/uploads\/2025\/10\/Jaaklaas-600x456.png 600w\" sizes=\"auto, (max-width: 768px) 100vw, 768px\" \/>                    <\/a>\n\n                    <div class=\"km-muster-body\">\n                        <div class=\"km-muster-cat\">MUSTERKLAAS<\/div>\n                        <div class=\"km-muster-name\">DELTA pronks 4mm<\/div>\n\n                                                    <a href=\"https:\/\/klaasmerk.ee\/pood\/toode\/musterklaas\/?attribute_pa_muster=delta-pronks\" class=\"km-muster-btn\">\n                                Vali                            <\/a>\n                                            <\/div>\n\n                <\/div>\n                            <div class=\"km-muster-card\">\n\n                    <a class=\"km-muster-thumb\" href=\"https:\/\/klaasmerk.ee\/pood\/toode\/musterklaas\/?attribute_pa_muster=delta-kirgas\" title=\"DELTA kirgas 4mm\">\n                        <img decoding=\"async\" width=\"768\" height=\"560\" src=\"https:\/\/klaasmerk.ee\/pood\/wp-content\/uploads\/2025\/10\/Delta_kirgas-768x560.png\" class=\"attachment-medium_large size-medium_large\" alt=\"DELTA kirgas 4mm\" loading=\"lazy\" srcset=\"https:\/\/klaasmerk.ee\/pood\/wp-content\/uploads\/2025\/10\/Delta_kirgas-768x560.png 768w, https:\/\/klaasmerk.ee\/pood\/wp-content\/uploads\/2025\/10\/Delta_kirgas-640x467.png 640w, https:\/\/klaasmerk.ee\/pood\/wp-content\/uploads\/2025\/10\/Delta_kirgas-400x292.png 400w, https:\/\/klaasmerk.ee\/pood\/wp-content\/uploads\/2025\/10\/Delta_kirgas-600x437.png 600w\" sizes=\"auto, (max-width: 768px) 100vw, 768px\" \/>                    <\/a>\n\n                    <div class=\"km-muster-body\">\n                        <div class=\"km-muster-cat\">MUSTERKLAAS<\/div>\n                        <div class=\"km-muster-name\">DELTA kirgas 4mm<\/div>\n\n                                                    <a href=\"https:\/\/klaasmerk.ee\/pood\/toode\/musterklaas\/?attribute_pa_muster=delta-kirgas\" class=\"km-muster-btn\">\n                                Vali                            <\/a>\n                                            <\/div>\n\n                <\/div>\n            \n        <\/div>\n\n    <\/div>\n    \n","protected":false},"excerpt":{"rendered":"<p>Musterklaasid \u2013 privaatsus ja stiil \u00fches Musterklaasid \u00fchendavad privaatsuse ja stiili, lisades ruumile nutikat visuaalset s\u00fcgavust. Erinevad mustrid ja l\u00e4bipaistvuse tasemed teevad neist suurep\u00e4rase valiku akendele, ustele, du\u0161iseintele, vaheseintele ja m\u00f6\u00f6blilahendustele. Musterklaasid on saadaval peamiselt 4 mm paksusena ning l\u00f5ikame need t\u00e4pselt sinu sisestatud m\u00f5\u00f5tude j\u00e4rgi. Vali alt meelep\u00e4rane muster, sisesta m\u00f5\u00f5dud ja telli \u2013 [&hellip;]<\/p>\n","protected":false},"author":21,"featured_media":5948,"parent":0,"menu_order":0,"comment_status":"closed","ping_status":"closed","template":"","meta":{"footnotes":""},"class_list":["post-5942","page","type-page","status-publish","has-post-thumbnail","hentry"],"aioseo_notices":[],"_links":{"self":[{"href":"https:\/\/klaasmerk.ee\/pood\/wp-json\/wp\/v2\/pages\/5942","targetHints":{"allow":["GET"]}}],"collection":[{"href":"https:\/\/klaasmerk.ee\/pood\/wp-json\/wp\/v2\/pages"}],"about":[{"href":"https:\/\/klaasmerk.ee\/pood\/wp-json\/wp\/v2\/types\/page"}],"author":[{"embeddable":true,"href":"https:\/\/klaasmerk.ee\/pood\/wp-json\/wp\/v2\/users\/21"}],"replies":[{"embeddable":true,"href":"https:\/\/klaasmerk.ee\/pood\/wp-json\/wp\/v2\/comments?post=5942"}],"version-history":[{"count":8,"href":"https:\/\/klaasmerk.ee\/pood\/wp-json\/wp\/v2\/pages\/5942\/revisions"}],"predecessor-version":[{"id":6030,"href":"https:\/\/klaasmerk.ee\/pood\/wp-json\/wp\/v2\/pages\/5942\/revisions\/6030"}],"wp:featuredmedia":[{"embeddable":true,"href":"https:\/\/klaasmerk.ee\/pood\/wp-json\/wp\/v2\/media\/5948"}],"wp:attachment":[{"href":"https:\/\/klaasmerk.ee\/pood\/wp-json\/wp\/v2\/media?parent=5942"}],"curies":[{"name":"wp","href":"https:\/\/api.w.org\/{rel}","templated":true}]}}