{"id":55,"date":"2016-06-13T15:48:45","date_gmt":"2016-06-13T15:48:45","guid":{"rendered":"http:\/\/sw-themes.com\/porto_dummy\/?page_id=55"},"modified":"2025-10-28T06:07:59","modified_gmt":"2025-10-28T06:07:59","slug":"firmast","status":"publish","type":"page","link":"https:\/\/klaasmerk.ee\/pood\/firmast\/","title":{"rendered":"Firmast"},"content":{"rendered":"<div class=\"wpb-content-wrapper\"><p>[vc_row wrap_container=&#8221;yes&#8221; no_padding=&#8221;yes&#8221; content_placement=&#8221;middle&#8221; animation_delay=&#8221;200&#8243; css=&#8221;.vc_custom_1637682738732{margin-top: 20px !important;margin-bottom: 20px !important;}&#8221; el_class=&#8221;home-bar&#8221;][vc_column]<div class=\"porto-carousel owl-carousel has-ccols has-ccols-spacing ccols-xl-3 ccols-lg-3 ccols-md-3 ccols-sm-2 ccols-1 mb-0 wpb_custom_690f065d755af5508906cf8cc3f854b0\" data-plugin-options=\"{&quot;themeConfig&quot;:true,&quot;stagePadding&quot;:0,&quot;margin&quot;:2,&quot;autoplay&quot;:&quot;yes&quot;,&quot;mouseDrag&quot;:true,&quot;touchDrag&quot;:true,&quot;autoplayTimeout&quot;:3000,&quot;autoplayHoverPause&quot;:&quot;true&quot;,&quot;items&quot;:3,&quot;xl&quot;:3,&quot;lg&quot;:3,&quot;md&quot;:3,&quot;sm&quot;:2,&quot;xs&quot;:1,&quot;nav&quot;:false,&quot;dots&quot;:false,&quot;animateIn&quot;:&quot;&quot;,&quot;animateOut&quot;:&quot;&quot;,&quot;loop&quot;:&quot;yes&quot;,&quot;center&quot;:false,&quot;video&quot;:false,&quot;lazyLoad&quot;:false,&quot;fullscreen&quot;:false}\"><div class=\"porto-sicon-box  wpb_custom_1efe903570d178ff0a9b7bfa5febd3a4 style_1 default-icon\"><div class=\"porto-sicon-default\"><div class=\"porto-just-icon-wrapper porto-icon none\" style=\"color:#222529;font-size:35px;\"><i class=\"porto-icon-shipping\"><\/i><\/div><\/div><div class=\"porto-sicon-header\"><h3 class=\"porto-sicon-title\" style=\"font-weight:700;font-size:14px;line-height:14px;\">KIIRE TARNE<\/h3><p style=\"font-size:13px;line-height:17px;\">Tellitud kauba saadame kulleriga.<\/p><\/div> <!-- header --><\/div><!-- porto-sicon-box --><div class=\"porto-sicon-box  wpb_custom_1efe903570d178ff0a9b7bfa5febd3a4 style_1 default-icon\"><div class=\"porto-sicon-default\"><div class=\"porto-just-icon-wrapper porto-icon none\" style=\"color:#222529;font-size:37px;\"><i class=\"porto-icon-euro\"><\/i><\/div><\/div><div class=\"porto-sicon-header\"><h3 class=\"porto-sicon-title\" style=\"font-weight:700;font-size:14px;line-height:14px;\">RAHA TAGASI GARANTII<\/h3><p style=\"font-size:13px;line-height:17px;\">Ostjal on \u00f5igus lepingust taganeda.<\/p><\/div> <!-- header --><\/div><!-- porto-sicon-box --><div class=\"porto-sicon-box  wpb_custom_1efe903570d178ff0a9b7bfa5febd3a4 style_1 default-icon\"><div class=\"porto-sicon-default\"><div class=\"porto-just-icon-wrapper porto-icon none\" style=\"color:#222529;font-size:37px;\"><i class=\"porto-icon-credit-card\"><\/i><\/div><\/div><div class=\"porto-sicon-header\"><h3 class=\"porto-sicon-title\" style=\"font-weight:700;font-size:14px;line-height:14px;\">MUGAVAD MAKEV\u00d5IMALUSED<\/h3><p style=\"font-size:13px;line-height:17px;\">Pangalingiga tasumise v\u00f5imalus.<\/p><\/div> <!-- header --><\/div><!-- porto-sicon-box --><\/div>[\/vc_column][\/vc_row][vc_row wrap_container=&#8221;yes&#8221; el_class=&#8221;p-t-xxl row-align-items-center&#8221;][vc_column offset=&#8221;vc_col-md-6&#8243; el_class=&#8221;pe-lg-5 mb-sm-5 mb-lg-0&#8243;][vc_column_text]AS Klaasmerk tegutseb alates 1992. aastast. Esialgu tegelesime lehtklaasi t\u00f6\u00f6tlemise ja paigaldamisega, kuid juba 1993. aasta m\u00e4rtsis alustasime klaaspakettide tootmisega, olles selles \u00fcks esimesi Eestis. Klaaspakettide tootmine on j\u00e4\u00e4nud ettev\u00f5tte p\u00f5hitegevuseks t\u00e4naseni.<\/p>\n<p>* 1995. aastast esindame Ameerika kontserni Tremco ilbruck\u2019i tooteid Eestis.<\/p>\n<p>* 1998. aastal saime klaaspakettide valmistamise sertifikaadi EN1279, mis t\u00f5endab, et meie toodang vastab klaaspakettide valmistamise kvaliteedi n\u00f5uetele.<\/p>\n<p>* 2000. aastal \u00fchinesime AS Klaasimaailmaga, t\u00e4nu millele lisandusid meie tootevalikusse erinevad sisustus- ja turvaklaasid, peegell\u00fckanduksed ja erinevad klaasit\u00f6\u00f6tlemise v\u00f5imalused.<\/p>\n<p>* 2008. aastal \u00fchinesime AS Plastmerk\u2019ga ja t\u00e4nu sellele t\u00e4ienes meie tootevalik plastikprofiilist akende ja ustega.<\/p>\n<p>T\u00e4naseks oleme \u00fcks laiema tootevalikuga klaaside t\u00f6\u00f6tleja ja avat\u00e4idete tootja Eestis, kes teenindab nii era- kui \u00e4rikliente. Hindame innovatsiooni ja pakume nii lihtsamaid kui v\u00e4ljakutsuvamaid erilahendusi. V\u00e4\u00e4rtustame k\u00f5rget standardit ja hoiame seda ka k\u00f5ige v\u00e4iksemate t\u00f6\u00f6de puhul.<\/p>\n<p>Meie tootmispind on 4100m2 ja asukoht Valdeku 132, N\u00f5mme, Tallinn.[\/vc_column_text][\/vc_column][vc_column width=&#8221;1\/2&#8243; offset=&#8221;vc_col-md-offset-2 vc_col-md-4 vc_col-sm-offset-4&#8243; el_class=&#8221;col-sm-8 offset-sm-5 mt-sm-5 pt-sm-5&#8243;][vc_single_image image=&#8221;4752&#8243; img_size=&#8221;full&#8221; css=&#8221;.vc_custom_1637755075555{margin-top: 10% !important;margin-left: -54% !important;}&#8221; animation_delay=&#8221;300&#8243; css_animation=&#8221;none&#8221; el_class=&#8221;position-absolute d-none d-sm-block&#8221; animation_type=&#8221;zoomIn&#8221;][vc_single_image image=&#8221;4751&#8243; img_size=&#8221;full&#8221; css=&#8221;.vc_custom_1637754983918{margin-top: -26% !important;margin-left: -33% !important;}&#8221; animation_delay=&#8221;100&#8243; el_class=&#8221;position-absolute d-none d-sm-block&#8221; animation_type=&#8221;zoomIn&#8221;][vc_single_image image=&#8221;4750&#8243; img_size=&#8221;full&#8221; animation_delay=&#8221;600&#8243; el_class=&#8221;position-relative mb-0&#8243; animation_type=&#8221;zoomIn&#8221;][\/vc_column][\/vc_row][vc_row wrap_container=&#8221;yes&#8221; css=&#8221;.vc_custom_1637754161467{padding-top: 50px !important;padding-bottom: 40px !important;background-color: #f4f4f4 !important;}&#8221;][vc_column]<div class=\"porto-u-heading  wpb_custom_95aa9a11c17ad45cfabaf210d84ee7cc porto-u-ad87e2eaf3f9c495180fe0156ddf3eb0 \"><div class=\"porto-u-main-heading\"><h2   style=\"font-weight:700;color:#21293c;font-size:19px;\">MEIE ESINDUSED<\/h2><\/div><style>.porto-u-ad87e2eaf3f9c495180fe0156ddf3eb0.porto-u-heading{text-align:left}<\/style><\/div>[vc_row_inner equal_height=&#8221;yes&#8221;][vc_column_inner width=&#8221;1\/3&#8243;]<div class=\"porto-sicon-box  wpb_custom_da1f4448f21388b311833e1e0bb5abd6 style_1 top-icon text-left\"><div class=\"porto-sicon-header\"><h3 class=\"porto-sicon-title\" style=\"font-weight:600;font-size:18px;color:#21293c;line-height:20px;\">Tallinn<\/h3><\/div> <!-- header --><div class=\"porto-sicon-description\" style=\"font-size:15px;line-height:27px;\">Valdeku tn 132, 11216<br \/>\n+372 659 9250<br \/>\nklaasmerk@klaasmerk.ee<\/div> <!-- description --><\/div><!-- porto-sicon-box -->[\/vc_column_inner][vc_column_inner width=&#8221;1\/3&#8243;]<div class=\"porto-sicon-box  wpb_custom_a0e8eafd9f6b3a8b343b35a7ac494a51 style_1 top-icon\"><div class=\"porto-sicon-header\"><h3 class=\"porto-sicon-title\" style=\"font-weight:600;font-size:18px;color:#21293c;line-height:20px;\">Tartu<\/h3><\/div> <!-- header --><div class=\"porto-sicon-description\" style=\"font-size:15px;line-height:27px;\">Ringtee tn 37A , 50105<br \/>\n+372 733 7542<br \/>\njaanus@klaasmerk.ee<\/div> <!-- description --><\/div><!-- porto-sicon-box -->[\/vc_column_inner][vc_column_inner width=&#8221;1\/3&#8243;]<div class=\"porto-sicon-box  wpb_custom_da1f4448f21388b311833e1e0bb5abd6 style_1 top-icon text-left\"><div class=\"porto-sicon-header\"><h3 class=\"porto-sicon-title\" style=\"font-weight:600;font-size:18px;color:#21293c;line-height:20px;\">Rakvere<\/h3><\/div> <!-- header --><div class=\"porto-sicon-description\" style=\"font-size:15px;line-height:27px;\">Lai tn 15, 44308<br \/>\n+372 322 3786<br \/>\nivar@klaasmerk.ee<\/div> <!-- description --><\/div><!-- porto-sicon-box -->[\/vc_column_inner][\/vc_row_inner][\/vc_column][\/vc_row][vc_row wrap_container=&#8221;yes&#8221; content_placement=&#8221;middle&#8221; parallax=&#8221;content-moving&#8221; parallax_image=&#8221;3688&#8243; bg_image_repeat=&#8221;no-repeat&#8221; enable_overlay=&#8221;enable_overlay_value&#8221; overlay_color=&#8221;rgba(32,32,32,0.82)&#8221; overlay_pattern=&#8221;transperant&#8221; overlay_pattern_opacity=&#8221;100&#8243; overlay_pattern_attachment=&#8221;fixed&#8221; css=&#8221;.vc_custom_1637681171591{padding-top: 120px !important;padding-bottom: 120px !important;background-color: #222529 !important;}&#8221; el_class=&#8221;row-center&#8221;][vc_column width=&#8221;1\/3&#8243; animation_delay=&#8221;600&#8243; el_class=&#8221;col-sm-4&#8243; animation_type=&#8221;fadeInLeft&#8221;][vc_custom_heading text=&#8221;ALATI HEAD<br \/>\nHINNAD&#8221; font_container=&#8221;tag:h2|font_size:2.25rem|text_align:center|line_height:1.15&#8243; use_theme_fonts=&#8221;yes&#8221; skin=&#8221;light&#8221; el_class=&#8221;text-sm-end mb-4 mb-sm-0&#8243;][\/vc_column][vc_column width=&#8221;1\/3&#8243; animation_delay=&#8221;300&#8243; el_class=&#8221;col-sm-4&#8243; offset=&#8221;vc_col-lg-3&#8243; animation_type=&#8221;fadeIn&#8221;][vc_btn title=&#8221;TUTVU TOODETEGA&#8221; style=&#8221;modern&#8221; size=&#8221;lg&#8221; align=&#8221;center&#8221; skin=&#8221;quaternary&#8221; el_class=&#8221;mb-4 mb-sm-0&#8243; link=&#8221;url:https%3A%2F%2Fklaasmerk.ee%2Fpood%2F|title:Pood&#8221;][\/vc_column][vc_column width=&#8221;1\/3&#8243; animation_delay=&#8221;600&#8243; el_class=&#8221;col-sm-4 text-center text-sm-start&#8221; animation_type=&#8221;fadeInRight&#8221;][vc_custom_heading text=&#8221;<b>Paljut TOOTED<\/b>&#8221; font_container=&#8221;tag:h5|font_size:.7rem|text_align:center|line_height:1.4&#8243; use_theme_fonts=&#8221;yes&#8221; font_weight=&#8221;700&#8243; el_class=&#8221;coupon-sale-text coupon-sale-light-bg m-b-sm text-sm-start&#8221;][vc_custom_heading text=&#8221;<b>ALLAHINNATUD<\/b>&#8221; font_container=&#8221;tag:h5|font_size:1rem|text_align:left|line_height:1&#8243; use_theme_fonts=&#8221;yes&#8221; font_weight=&#8221;700&#8243; skin=&#8221;light&#8221; el_class=&#8221;mb-0 coupon-sale-text d-inline-block&#8221;][\/vc_column][\/vc_row][vc_row wrap_container=&#8221;yes&#8221; disable_element=&#8221;yes&#8221; css=&#8221;.vc_custom_1662715757809{background-color: #fbfbfb !important;}&#8221; el_class=&#8221;pt-5&#8243; conditional_render=&#8221;%5B%7B%22value_role%22%3A%22administrator%22%7D%5D&#8221;][vc_column]<div id=\"porto-products-9e0c4dee1f2f2fd12506a77038e0d92c\" class=\"porto-products wpb_content_element title-border-middle mb-3 theme_option wpb_custom_aeb2ba7df7a27d76048c02dc3283b7c5\"><h2 class=\"section-title text-center slider-title\">ESILET\u00d5STETUD TOOTED<\/h2><div class=\"slider-wrapper\"><div class=\"woocommerce columns-4 \"><\/div><\/div><\/div>[\/vc_column][\/vc_row]<\/p>\n<\/div>","protected":false},"excerpt":{"rendered":"<p>[vc_row wrap_container=&#8221;yes&#8221; no_padding=&#8221;yes&#8221; content_placement=&#8221;middle&#8221; animation_delay=&#8221;200&#8243; css=&#8221;.vc_custom_1637682738732{margin-top: 20px !important;margin-bottom: 20px !important;}&#8221; el_class=&#8221;home-bar&#8221;][vc_column][\/vc_column][\/vc_row][vc_row wrap_container=&#8221;yes&#8221; el_class=&#8221;p-t-xxl row-align-items-center&#8221;][vc_column offset=&#8221;vc_col-md-6&#8243; el_class=&#8221;pe-lg-5 mb-sm-5 mb-lg-0&#8243;][vc_column_text]AS Klaasmerk tegutseb alates 1992. aastast. Esialgu tegelesime lehtklaasi t\u00f6\u00f6tlemise ja paigaldamisega, kuid juba 1993. aasta m\u00e4rtsis alustasime klaaspakettide tootmisega, olles selles \u00fcks esimesi Eestis. Klaaspakettide tootmine on j\u00e4\u00e4nud ettev\u00f5tte p\u00f5hitegevuseks t\u00e4naseni. * 1995. aastast esindame Ameerika kontserni [&hellip;]<\/p>\n","protected":false},"author":1,"featured_media":0,"parent":0,"menu_order":0,"comment_status":"closed","ping_status":"closed","template":"","meta":{"footnotes":""},"class_list":["post-55","page","type-page","status-publish","hentry"],"aioseo_notices":[],"_links":{"self":[{"href":"https:\/\/klaasmerk.ee\/pood\/wp-json\/wp\/v2\/pages\/55","targetHints":{"allow":["GET"]}}],"collection":[{"href":"https:\/\/klaasmerk.ee\/pood\/wp-json\/wp\/v2\/pages"}],"about":[{"href":"https:\/\/klaasmerk.ee\/pood\/wp-json\/wp\/v2\/types\/page"}],"author":[{"embeddable":true,"href":"https:\/\/klaasmerk.ee\/pood\/wp-json\/wp\/v2\/users\/1"}],"replies":[{"embeddable":true,"href":"https:\/\/klaasmerk.ee\/pood\/wp-json\/wp\/v2\/comments?post=55"}],"version-history":[{"count":17,"href":"https:\/\/klaasmerk.ee\/pood\/wp-json\/wp\/v2\/pages\/55\/revisions"}],"predecessor-version":[{"id":5941,"href":"https:\/\/klaasmerk.ee\/pood\/wp-json\/wp\/v2\/pages\/55\/revisions\/5941"}],"wp:attachment":[{"href":"https:\/\/klaasmerk.ee\/pood\/wp-json\/wp\/v2\/media?parent=55"}],"curies":[{"name":"wp","href":"https:\/\/api.w.org\/{rel}","templated":true}]}}