{"id":3696,"date":"2021-11-23T15:31:38","date_gmt":"2021-11-23T15:31:38","guid":{"rendered":"https:\/\/klaasmerk.ee\/pood\/?page_id=3696"},"modified":"2022-08-05T08:02:09","modified_gmt":"2022-08-05T08:02:09","slug":"garantiitingimused","status":"publish","type":"page","link":"https:\/\/klaasmerk.ee\/pood\/garantiitingimused\/","title":{"rendered":"Garantiitingimused"},"content":{"rendered":"<div class=\"wpb-content-wrapper\"><p>[vc_row][vc_column][vc_custom_heading text=&#8221;Garantiitingimused&#8221; use_theme_fonts=&#8221;yes&#8221; el_class=&#8221;shorter&#8221;][vc_separator color=&#8221;custom&#8221; gap=&#8221;tall&#8221; gradient=&#8221;yes&#8221;][\/vc_column][\/vc_row][vc_row][vc_column][vc_column_text]Meie toodetele kehtib pretensiooni esitamise \u00f5igus vastavalt v\u00f5la\u00f5igusseaduse \u00a7 218 l\u00f5ike 2 kohaselt 2 aastat.[\/vc_column_text][\/vc_column][\/vc_row]<\/p>\n<\/div>","protected":false},"excerpt":{"rendered":"<p>[vc_row][vc_column][vc_custom_heading text=&#8221;Garantiitingimused&#8221; use_theme_fonts=&#8221;yes&#8221; el_class=&#8221;shorter&#8221;][vc_separator color=&#8221;custom&#8221; gap=&#8221;tall&#8221; gradient=&#8221;yes&#8221;][\/vc_column][\/vc_row][vc_row][vc_column][vc_column_text]Meie toodetele kehtib pretensiooni esitamise \u00f5igus vastavalt v\u00f5la\u00f5igusseaduse \u00a7 218 l\u00f5ike 2 kohaselt 2 aastat.[\/vc_column_text][\/vc_column][\/vc_row]<\/p>\n","protected":false},"author":1,"featured_media":0,"parent":0,"menu_order":0,"comment_status":"closed","ping_status":"closed","template":"","meta":{"footnotes":""},"class_list":["post-3696","page","type-page","status-publish","hentry"],"aioseo_notices":[],"_links":{"self":[{"href":"https:\/\/klaasmerk.ee\/pood\/wp-json\/wp\/v2\/pages\/3696","targetHints":{"allow":["GET"]}}],"collection":[{"href":"https:\/\/klaasmerk.ee\/pood\/wp-json\/wp\/v2\/pages"}],"about":[{"href":"https:\/\/klaasmerk.ee\/pood\/wp-json\/wp\/v2\/types\/page"}],"author":[{"embeddable":true,"href":"https:\/\/klaasmerk.ee\/pood\/wp-json\/wp\/v2\/users\/1"}],"replies":[{"embeddable":true,"href":"https:\/\/klaasmerk.ee\/pood\/wp-json\/wp\/v2\/comments?post=3696"}],"version-history":[{"count":3,"href":"https:\/\/klaasmerk.ee\/pood\/wp-json\/wp\/v2\/pages\/3696\/revisions"}],"predecessor-version":[{"id":5624,"href":"https:\/\/klaasmerk.ee\/pood\/wp-json\/wp\/v2\/pages\/3696\/revisions\/5624"}],"wp:attachment":[{"href":"https:\/\/klaasmerk.ee\/pood\/wp-json\/wp\/v2\/media?parent=3696"}],"curies":[{"name":"wp","href":"https:\/\/api.w.org\/{rel}","templated":true}]}}